{"id":123,"date":"2022-08-18T09:17:41","date_gmt":"2022-08-18T07:17:41","guid":{"rendered":"https:\/\/mackan.warp9.se\/?page_id=123"},"modified":"2023-04-10T20:06:09","modified_gmt":"2023-04-10T18:06:09","slug":"bokning","status":"publish","type":"page","link":"https:\/\/www.aroomwithaview.se\/?page_id=123","title":{"rendered":"Bokning"},"content":{"rendered":"\n<p><\/p>\n\n\n\n<p>Kontakt &amp; bokning: <\/p>\n\n\n\n<p>Candice Frette 0033661225151,<\/p>\n\n\n\n<figure class=\"wp-block-image size-full\"><img loading=\"lazy\" decoding=\"async\" width=\"577\" height=\"592\" src=\"https:\/\/www.aroomwithaview.se\/wp-content\/uploads\/2023\/03\/5EE32A36-B1CF-4640-9EB7-4735A6C6969A.png\" alt=\"\" class=\"wp-image-434\" srcset=\"https:\/\/www.aroomwithaview.se\/wp-content\/uploads\/2023\/03\/5EE32A36-B1CF-4640-9EB7-4735A6C6969A.png 577w, https:\/\/www.aroomwithaview.se\/wp-content\/uploads\/2023\/03\/5EE32A36-B1CF-4640-9EB7-4735A6C6969A-292x300.png 292w\" sizes=\"auto, (max-width: 577px) 100vw, 577px\" \/><\/figure>\n\n\n\n<p>bemyguestmenton@gmail.com  <\/p>\n\n\n\n<p>F\u00f6r pris och tillg\u00e4nglighet se l\u00e4nk: <\/p>\n\n\n\n<p><a href=\"https:\/\/abnb.me\/PV0jhVgiuyb\">https:\/\/abnb.me\/PV0jhVgiuyb<\/a><\/p>\n\n\n\n<p><\/p>\n\n\n\n<p>H\u00e4lsningar Erik &amp; Maja Malmsten<\/p>\n\n\n\n<figure class=\"wp-block-image size-large\"><img loading=\"lazy\" decoding=\"async\" width=\"1024\" height=\"717\" src=\"https:\/\/mackan.warp9.se\/wp-content\/uploads\/2022\/08\/cropped-0877520A-8338-418C-A904-E7AB36F2CF32-1024x717.jpeg\" alt=\"\" class=\"wp-image-151\" srcset=\"https:\/\/www.aroomwithaview.se\/wp-content\/uploads\/2022\/08\/cropped-0877520A-8338-418C-A904-E7AB36F2CF32-1024x717.jpeg 1024w, https:\/\/www.aroomwithaview.se\/wp-content\/uploads\/2022\/08\/cropped-0877520A-8338-418C-A904-E7AB36F2CF32-300x210.jpeg 300w, https:\/\/www.aroomwithaview.se\/wp-content\/uploads\/2022\/08\/cropped-0877520A-8338-418C-A904-E7AB36F2CF32-768x538.jpeg 768w, https:\/\/www.aroomwithaview.se\/wp-content\/uploads\/2022\/08\/cropped-0877520A-8338-418C-A904-E7AB36F2CF32-1536x1075.jpeg 1536w, https:\/\/www.aroomwithaview.se\/wp-content\/uploads\/2022\/08\/cropped-0877520A-8338-418C-A904-E7AB36F2CF32-2048x1434.jpeg 2048w, https:\/\/www.aroomwithaview.se\/wp-content\/uploads\/2022\/08\/cropped-0877520A-8338-418C-A904-E7AB36F2CF32-1170x819.jpeg 1170w\" sizes=\"auto, (max-width: 1024px) 100vw, 1024px\" \/><\/figure>\n","protected":false},"excerpt":{"rendered":"<p>Kontakt &amp; bokning: Candice Frette 0033661225151, bemyguestmenton@gmail.com F\u00f6r pris och tillg\u00e4nglighet se l\u00e4nk: https:\/\/abnb.me\/PV0jhVgiuyb H\u00e4lsningar Erik &amp; Maja Malmsten<\/p>\n","protected":false},"author":1,"featured_media":0,"parent":34,"menu_order":0,"comment_status":"closed","ping_status":"closed","template":"","meta":{"footnotes":""},"class_list":["post-123","page","type-page","status-publish","hentry"],"_links":{"self":[{"href":"https:\/\/www.aroomwithaview.se\/index.php?rest_route=\/wp\/v2\/pages\/123","targetHints":{"allow":["GET"]}}],"collection":[{"href":"https:\/\/www.aroomwithaview.se\/index.php?rest_route=\/wp\/v2\/pages"}],"about":[{"href":"https:\/\/www.aroomwithaview.se\/index.php?rest_route=\/wp\/v2\/types\/page"}],"author":[{"embeddable":true,"href":"https:\/\/www.aroomwithaview.se\/index.php?rest_route=\/wp\/v2\/users\/1"}],"replies":[{"embeddable":true,"href":"https:\/\/www.aroomwithaview.se\/index.php?rest_route=%2Fwp%2Fv2%2Fcomments&post=123"}],"version-history":[{"count":32,"href":"https:\/\/www.aroomwithaview.se\/index.php?rest_route=\/wp\/v2\/pages\/123\/revisions"}],"predecessor-version":[{"id":449,"href":"https:\/\/www.aroomwithaview.se\/index.php?rest_route=\/wp\/v2\/pages\/123\/revisions\/449"}],"up":[{"embeddable":true,"href":"https:\/\/www.aroomwithaview.se\/index.php?rest_route=\/wp\/v2\/pages\/34"}],"wp:attachment":[{"href":"https:\/\/www.aroomwithaview.se\/index.php?rest_route=%2Fwp%2Fv2%2Fmedia&parent=123"}],"curies":[{"name":"wp","href":"https:\/\/api.w.org\/{rel}","templated":true}]}}