{"id":172,"date":"2022-08-18T14:45:06","date_gmt":"2022-08-18T12:45:06","guid":{"rendered":"https:\/\/mackan.warp9.se\/?page_id=172"},"modified":"2025-10-14T17:02:02","modified_gmt":"2025-10-14T15:02:02","slug":"karta","status":"publish","type":"page","link":"https:\/\/www.aroomwithaview.se\/?page_id=172","title":{"rendered":"Hitta hit"},"content":{"rendered":"\n<p><\/p>\n\n\n\t\t<div id=\"wpmapblock_717f1bbe\" data-settings='{&quot;map_marker&quot;:[{&quot;lat&quot;:&quot;43.78243248968003&quot;,&quot;lng&quot;:&quot;7.509896625093328&quot;,&quot;title&quot;:&quot;Menton&quot;,&quot;content&quot;:&quot;L\\u00e4genheten i Menton&quot;,&quot;iconType&quot;:&quot;default&quot;,&quot;customIconUrl&quot;:&quot;&quot;,&quot;customIconWidth&quot;:&quot;25&quot;,&quot;customIconHeight&quot;:&quot;40&quot;}],&quot;map_zoom&quot;:&quot;11&quot;,&quot;scroll_wheel_zoom&quot;:false,&quot;map_type&quot;:&quot;GM&quot;,&quot;center_index&quot;:0}' class=\"wpmapblockrender\" style=\"\n\t\t\twidth: 100%;\n\t\t\theight: 500px;\n\t\t\"><\/div>\n        \n\n\n<p><br><\/p>\n\n\n<p>Fr\u00e5n flygplatsen i Nice g\u00e5r b\u00e5de buss och t\u00e5g hela v\u00e4gen till Menton. Resan tar ca 40 min. Det tar ca 10 minuter att promenera fr\u00e5n t\u00e5gstationen (Menton Garavan) till l\u00e4genheten.<\/p>\n<p><strong>T\u00e5g<\/strong><\/p>\n<p id=\"tw-target-text\" class=\"tw-data-text tw-text-large tw-ta\" dir=\"ltr\" tabindex=\"-1\" role=\"text\" data-placeholder=\"\u00d6vers\u00e4ttning\" data-ved=\"2ahUKEwjVwriV-aOQAxVkLBAIHfrYE_kQ3ewLegQICxAW\" aria-label=\"\u00d6versatt text: T\u00e5g\nFr\u00e5n Nice:\nG\u00e5 fr\u00e5n flygplatsen till t\u00e5gstationen Saint-Augustin (10 min). Plattform 1, mot Ventimille\n\nFr\u00e5n Menton:\nN\u00e4rmaste j\u00e4rnv\u00e4gsstation \u00e4r Menton Garavan, 10 minuters promenad. T\u00e5g till Nice och Ventimiglia avg\u00e5r ofta. F\u00f6r tidtabeller och f\u00f6r att boka en t\u00e5gbiljett, anv\u00e4nd SNCF connect-appen eller Omio. En vuxenbiljett till Nice kostar cirka 7 euro. Resan g\u00e5r l\u00e4ngs kusten och erbjuder en vacker utsikt \u00f6ver Medelhavet.\n\nOm du anl\u00e4nder till Nice sent p\u00e5 kv\u00e4llen (efter 21) m\u00e5ste du hyra en bil eller ta en taxi.\"><span class=\"Y2IQFc\" lang=\"sv\">Fr\u00e5n Nice: <\/span><\/p>\n<p class=\"tw-data-text tw-text-large tw-ta\" dir=\"ltr\" tabindex=\"-1\" role=\"text\" data-placeholder=\"\u00d6vers\u00e4ttning\" data-ved=\"2ahUKEwjVwriV-aOQAxVkLBAIHfrYE_kQ3ewLegQICxAW\" aria-label=\"\u00d6versatt text: T\u00e5g\nFr\u00e5n Nice:\nG\u00e5 fr\u00e5n flygplatsen till t\u00e5gstationen Saint-Augustin (10 min). Plattform 1, mot Ventimille\n\nFr\u00e5n Menton:\nN\u00e4rmaste j\u00e4rnv\u00e4gsstation \u00e4r Menton Garavan, 10 minuters promenad. T\u00e5g till Nice och Ventimiglia avg\u00e5r ofta. F\u00f6r tidtabeller och f\u00f6r att boka en t\u00e5gbiljett, anv\u00e4nd SNCF connect-appen eller Omio. En vuxenbiljett till Nice kostar cirka 7 euro. Resan g\u00e5r l\u00e4ngs kusten och erbjuder en vacker utsikt \u00f6ver Medelhavet.\n\nOm du anl\u00e4nder till Nice sent p\u00e5 kv\u00e4llen (efter 21) m\u00e5ste du hyra en bil eller ta en taxi.\"><span class=\"Y2IQFc\" lang=\"sv\">G\u00e5 fr\u00e5n flygplatsen till t\u00e5gstationen Saint-Augustin (10 min). Plattform 1, mot Ventimille <\/span><\/p>\n<p class=\"tw-data-text tw-text-large tw-ta\" dir=\"ltr\" tabindex=\"-1\" role=\"text\" data-placeholder=\"\u00d6vers\u00e4ttning\" data-ved=\"2ahUKEwjVwriV-aOQAxVkLBAIHfrYE_kQ3ewLegQICxAW\" aria-label=\"\u00d6versatt text: T\u00e5g\nFr\u00e5n Nice:\nG\u00e5 fr\u00e5n flygplatsen till t\u00e5gstationen Saint-Augustin (10 min). Plattform 1, mot Ventimille\n\nFr\u00e5n Menton:\nN\u00e4rmaste j\u00e4rnv\u00e4gsstation \u00e4r Menton Garavan, 10 minuters promenad. T\u00e5g till Nice och Ventimiglia avg\u00e5r ofta. F\u00f6r tidtabeller och f\u00f6r att boka en t\u00e5gbiljett, anv\u00e4nd SNCF connect-appen eller Omio. En vuxenbiljett till Nice kostar cirka 7 euro. Resan g\u00e5r l\u00e4ngs kusten och erbjuder en vacker utsikt \u00f6ver Medelhavet.\n\nOm du anl\u00e4nder till Nice sent p\u00e5 kv\u00e4llen (efter 21) m\u00e5ste du hyra en bil eller ta en taxi.\"><span class=\"Y2IQFc\" lang=\"sv\">Fr\u00e5n Menton: <\/span><\/p>\n<p class=\"tw-data-text tw-text-large tw-ta\" dir=\"ltr\" tabindex=\"-1\" role=\"text\" data-placeholder=\"\u00d6vers\u00e4ttning\" data-ved=\"2ahUKEwjVwriV-aOQAxVkLBAIHfrYE_kQ3ewLegQICxAW\" aria-label=\"\u00d6versatt text: T\u00e5g\nFr\u00e5n Nice:\nG\u00e5 fr\u00e5n flygplatsen till t\u00e5gstationen Saint-Augustin (10 min). Plattform 1, mot Ventimille\n\nFr\u00e5n Menton:\nN\u00e4rmaste j\u00e4rnv\u00e4gsstation \u00e4r Menton Garavan, 10 minuters promenad. T\u00e5g till Nice och Ventimiglia avg\u00e5r ofta. F\u00f6r tidtabeller och f\u00f6r att boka en t\u00e5gbiljett, anv\u00e4nd SNCF connect-appen eller Omio. En vuxenbiljett till Nice kostar cirka 7 euro. Resan g\u00e5r l\u00e4ngs kusten och erbjuder en vacker utsikt \u00f6ver Medelhavet.\n\nOm du anl\u00e4nder till Nice sent p\u00e5 kv\u00e4llen (efter 21) m\u00e5ste du hyra en bil eller ta en taxi.\"><span class=\"Y2IQFc\" lang=\"sv\">N\u00e4rmaste j\u00e4rnv\u00e4gsstation \u00e4r Menton Garavan, 10 minuters promenad. T\u00e5g till Nice och Ventimiglia avg\u00e5r ofta. F\u00f6r tidtabeller och f\u00f6r att boka en t\u00e5gbiljett, anv\u00e4nd SNCF connect-appen eller Omio. En vuxenbiljett till Nice kostar cirka 7 euro. Resan g\u00e5r l\u00e4ngs kusten och erbjuder en vacker utsikt \u00f6ver Medelhavet. Om du anl\u00e4nder till Nice sent p\u00e5 kv\u00e4llen (efter 21) m\u00e5ste du hyra en bil eller ta en taxi.<\/span><\/p>\n<p><!-- \/wp:post-content --><!-- wp:paragraph --><\/p>\n<p><!-- \/wp:paragraph --><!-- wp:paragraph --><\/p>\n<p><strong>Buss<\/strong><br \/>Flygbussar g\u00e5r direkt fr\u00e5n flygplatsen till Menton. Bussen tar l\u00e4ngre tid och \u00e4r dyrare \u00e4n t\u00e5get men man slipper promenaden till t\u00e5gstationen. L\u00e4nk till tidtabell f\u00f6r flygbussarna:<br \/><a href=\"https:\/\/www.niceairportxpress.com\/en\/timetable\/1\/retour\">https:\/\/www.niceairportxpress.com\/en\/timetable\/1\/retour<\/a><\/p>\n<p><!-- \/wp:paragraph --><!-- wp:paragraph --><\/p>\n<p><strong>Taxi<\/strong><br \/>Om man \u00e4r m\u00e5nga resen\u00e4rer eller om planet landar sent p\u00e5 kv\u00e4llen \u00e4r taxi ett alternativ. F\u00f6rbokad taxi till Menton med\u00a0<a href=\"https:\/\/www.jamtransfer.com\/\">https:\/\/www.jamtransfer.com\/<\/a> kostar ca 1000 kr. Det g\u00e5r \u00e4ven bra att kontakta <a href=\"https:\/\/www.menton.taxi\/\">https:\/\/www.menton.taxi\/<\/a><\/p>","protected":false},"excerpt":{"rendered":"<p>Fr\u00e5n flygplatsen i Nice g\u00e5r b\u00e5de buss och t\u00e5g hela v\u00e4gen till Menton. Resan tar ca 40 min. Det tar ca 10 minuter att promenera fr\u00e5n t\u00e5gstationen (Menton Garavan) till l\u00e4genheten. T\u00e5g Fr\u00e5n Nice: G\u00e5 fr\u00e5n flygplatsen till t\u00e5gstationen Saint-Augustin (10 min). Plattform 1, mot Ventimille Fr\u00e5n Menton: N\u00e4rmaste j\u00e4rnv\u00e4gsstation \u00e4r Menton Garavan, 10 minuters <a class=\"read-more\" href=\"https:\/\/www.aroomwithaview.se\/?page_id=172\">READ MORE<\/a><\/p>\n","protected":false},"author":1,"featured_media":0,"parent":47,"menu_order":0,"comment_status":"closed","ping_status":"closed","template":"","meta":{"footnotes":""},"class_list":["post-172","page","type-page","status-publish","hentry"],"_links":{"self":[{"href":"https:\/\/www.aroomwithaview.se\/index.php?rest_route=\/wp\/v2\/pages\/172","targetHints":{"allow":["GET"]}}],"collection":[{"href":"https:\/\/www.aroomwithaview.se\/index.php?rest_route=\/wp\/v2\/pages"}],"about":[{"href":"https:\/\/www.aroomwithaview.se\/index.php?rest_route=\/wp\/v2\/types\/page"}],"author":[{"embeddable":true,"href":"https:\/\/www.aroomwithaview.se\/index.php?rest_route=\/wp\/v2\/users\/1"}],"replies":[{"embeddable":true,"href":"https:\/\/www.aroomwithaview.se\/index.php?rest_route=%2Fwp%2Fv2%2Fcomments&post=172"}],"version-history":[{"count":25,"href":"https:\/\/www.aroomwithaview.se\/index.php?rest_route=\/wp\/v2\/pages\/172\/revisions"}],"predecessor-version":[{"id":512,"href":"https:\/\/www.aroomwithaview.se\/index.php?rest_route=\/wp\/v2\/pages\/172\/revisions\/512"}],"up":[{"embeddable":true,"href":"https:\/\/www.aroomwithaview.se\/index.php?rest_route=\/wp\/v2\/pages\/47"}],"wp:attachment":[{"href":"https:\/\/www.aroomwithaview.se\/index.php?rest_route=%2Fwp%2Fv2%2Fmedia&parent=172"}],"curies":[{"name":"wp","href":"https:\/\/api.w.org\/{rel}","templated":true}]}}