{"id":2,"date":"2022-08-09T22:07:07","date_gmt":"2022-08-09T20:07:07","guid":{"rendered":"http:\/\/mackan.warp9.se\/?page_id=2"},"modified":"2022-12-28T11:51:27","modified_gmt":"2022-12-28T10:51:27","slug":"exempelsida","status":"publish","type":"page","link":"https:\/\/www.aroomwithaview.se\/","title":{"rendered":"Menton- Frankrikes P\u00e4rla"},"content":{"rendered":"\n<p><\/p>\n\n\n\n<h3 class=\"wp-block-heading\">Hyr v\u00e5r l\u00e4genhet<\/h3>\n\n\n\n<p>L\u00e4genheten ligger vid vattnet med hisnande utsikt \u00f6ver medelhavet och Italien. I Sydlig riktning mot havet finns en soldr\u00e4nkt terrass p\u00e5 30 kvm som du kliver ut till direkt fr\u00e5n vardagsrummet. H\u00e4r finns en loungedel d\u00e4r ni kanske njuter eftermiddagens aperitif i markisens skugga, och en matplats f\u00f6r 6 personer. Blir du badsugen n\u00e5s stranden tv\u00e4rs \u00f6ver gatan. En kort promenad bort l\u00e4ngs med strandpromenaden ligger gamla stan med mysiga gr\u00e4nder, butiker och restauranger. F\u00f6r den matintresserade finns ett stort urval av fantastiska r\u00e5varor s\u00e5som k\u00f6tt, gr\u00f6nsaker, ost och fisk. Allt samlat i den gamla saluhallen. <\/p>\n\n\n\n<p>Menton ligger p\u00e5 en vacker del av den franska Rivieran mellan Monaco och den italienska gr\u00e4nsen. Staden \u00e4r bel\u00e4gen n\u00e4ra alperna och gynnas av ett mikroklimat som ger staden flest soldagar p\u00e5 hela rivieran. <\/p>\n\n\n\n<p>Varmt v\u00e4lkomna!<\/p>\n\n\n\n<p>H\u00e4lsningar Erik &amp; Maja Malmsten<\/p>\n\n\n\n<p><\/p>\n\n\n\n<div class=\"wp-block-cover is-light\" style=\"min-height:441px;aspect-ratio:unset;\"><span aria-hidden=\"true\" class=\"wp-block-cover__background has-background-dim-0 has-background-dim\"><\/span><img loading=\"lazy\" decoding=\"async\" width=\"1157\" height=\"868\" class=\"wp-block-cover__image-background wp-image-316\" alt=\"\" src=\"https:\/\/www.aroomwithaview.se\/wp-content\/uploads\/2022\/09\/Menton-utsikt.jpg\" data-object-fit=\"cover\" srcset=\"https:\/\/www.aroomwithaview.se\/wp-content\/uploads\/2022\/09\/Menton-utsikt.jpg 1157w, https:\/\/www.aroomwithaview.se\/wp-content\/uploads\/2022\/09\/Menton-utsikt-300x225.jpg 300w, https:\/\/www.aroomwithaview.se\/wp-content\/uploads\/2022\/09\/Menton-utsikt-1024x768.jpg 1024w, https:\/\/www.aroomwithaview.se\/wp-content\/uploads\/2022\/09\/Menton-utsikt-768x576.jpg 768w\" sizes=\"auto, (max-width: 1157px) 100vw, 1157px\" \/><div class=\"wp-block-cover__inner-container is-layout-flow wp-block-cover-is-layout-flow\">\n<p class=\"has-text-align-center has-x-large-font-size\"><\/p>\n<\/div><\/div>\n\n\n\n<p><\/p>\n\n\n\n<p><\/p>\n","protected":false},"excerpt":{"rendered":"<p>Hyr v\u00e5r l\u00e4genhet L\u00e4genheten ligger vid vattnet med hisnande utsikt \u00f6ver medelhavet och Italien. I Sydlig riktning mot havet finns en soldr\u00e4nkt terrass p\u00e5 30 kvm som du kliver ut till direkt fr\u00e5n vardagsrummet. H\u00e4r finns en loungedel d\u00e4r ni kanske njuter eftermiddagens aperitif i markisens skugga, och en matplats f\u00f6r 6 personer. Blir du <a class=\"read-more\" href=\"https:\/\/www.aroomwithaview.se\/\">READ MORE<\/a><\/p>\n","protected":false},"author":1,"featured_media":0,"parent":0,"menu_order":0,"comment_status":"closed","ping_status":"open","template":"","meta":{"footnotes":""},"class_list":["post-2","page","type-page","status-publish","hentry"],"_links":{"self":[{"href":"https:\/\/www.aroomwithaview.se\/index.php?rest_route=\/wp\/v2\/pages\/2","targetHints":{"allow":["GET"]}}],"collection":[{"href":"https:\/\/www.aroomwithaview.se\/index.php?rest_route=\/wp\/v2\/pages"}],"about":[{"href":"https:\/\/www.aroomwithaview.se\/index.php?rest_route=\/wp\/v2\/types\/page"}],"author":[{"embeddable":true,"href":"https:\/\/www.aroomwithaview.se\/index.php?rest_route=\/wp\/v2\/users\/1"}],"replies":[{"embeddable":true,"href":"https:\/\/www.aroomwithaview.se\/index.php?rest_route=%2Fwp%2Fv2%2Fcomments&post=2"}],"version-history":[{"count":25,"href":"https:\/\/www.aroomwithaview.se\/index.php?rest_route=\/wp\/v2\/pages\/2\/revisions"}],"predecessor-version":[{"id":356,"href":"https:\/\/www.aroomwithaview.se\/index.php?rest_route=\/wp\/v2\/pages\/2\/revisions\/356"}],"wp:attachment":[{"href":"https:\/\/www.aroomwithaview.se\/index.php?rest_route=%2Fwp%2Fv2%2Fmedia&parent=2"}],"curies":[{"name":"wp","href":"https:\/\/api.w.org\/{rel}","templated":true}]}}