{"id":34,"date":"2022-08-14T12:05:43","date_gmt":"2022-08-14T10:05:43","guid":{"rendered":"https:\/\/mackan.warp9.se\/?page_id=34"},"modified":"2024-02-08T10:00:25","modified_gmt":"2024-02-08T09:00:25","slug":"lagenheten","status":"publish","type":"page","link":"https:\/\/www.aroomwithaview.se\/?page_id=34","title":{"rendered":"L\u00e4genheten"},"content":{"rendered":"\n<p>V\u00e5r ljusa och trevliga l\u00e4genhet ligger vid vattnet med hisnande utsikt \u00f6ver medelhavet och gamla stan. Den ligger p\u00e5 3:e v\u00e5ningen med hiss i en v\u00e4lsk\u00f6tt byggnad med vaktm\u00e4stare. M\u00f6jlighet till parkering finns i anslutning till fastigheten. Stor terrass och balkong med magiskt utsikt. Fullt utrustat k\u00f6k med diskmaskin. <\/p>\n\n\n\n<p>L\u00e4get \u00e4r perfekt, 50 m fr\u00e5n stranden Rondelli, 400 m till stranden Les Sablettes. Gamla stan ligger n\u00e5gra minuter bort l\u00e4ngs strandpromenaden. Gamla stan erbjuder g\u00e5gata med butiker, tr\u00e5nga gr\u00e4nder &amp; restauranger. V\u00e4lsorterad matbutik finns 2 min bort i riktning mot Italien. Restauranger och barer hittar ni precis utanf\u00f6r l\u00e4genheten.<\/p>\n\n\n\n<p>Fr\u00e5n L\u00e4genheten \u00e4r det ca 10 min promenad till T\u00e5gstationen (Menton Garavan). Fr\u00e5n Stationen g\u00e5r det direkt t\u00e5g mot Italien(Ventigmiglia) eller l\u00e4ngs med hela den franska rivieran (Monaco, Nice, Antibes &amp; Cannes) <\/p>\n\n\n\n<ul class=\"wp-block-list\">\n<li>5 s\u00e4ngplatser  (2 dubbels\u00e4ng, 1 b\u00e4ddsoffa)<\/li>\n\n\n\n<li>Separat WC \/ badrum med dusch <\/li>\n\n\n\n<li>Fullt utrustat k\u00f6k med diskmaskin, kylsk\u00e5p &amp; frys<\/li>\n\n\n\n<li>AC-klimatanl\u00e4ggning<\/li>\n\n\n\n<li>Tv\u00e4ttmaskin<\/li>\n\n\n\n<li>Tv<\/li>\n\n\n\n<li>Wi-Fi (Fiber)<\/li>\n\n\n\n<li>Havsutsikt<\/li>\n\n\n\n<li>Balkong &amp; terrass, 30m2<\/li>\n\n\n\n<li>L\u00e4genhet yta 55 kvm, 3 v\u00e5n<\/li>\n\n\n\n<li>Hiss<\/li>\n\n\n\n<li>M\u00f6jlighet till gratis inh\u00e4gnad parkering<\/li>\n\n\n\n<li>Brandvarnare<\/li>\n<\/ul>\n\n\n\n<p><\/p>\n\n\n\n<figure class=\"wp-block-gallery has-nested-images columns-default is-cropped wp-block-gallery-1 is-layout-flex wp-block-gallery-is-layout-flex\">\n<figure class=\"wp-block-image size-large\"><img loading=\"lazy\" decoding=\"async\" width=\"1024\" height=\"605\" data-id=\"30\" src=\"https:\/\/mackan.warp9.se\/wp-content\/uploads\/2022\/08\/89ED29FF-4C40-431B-95FC-ACB30F6C4DD3-1024x605.jpeg\" alt=\"Utsikt\" class=\"wp-image-30\" srcset=\"https:\/\/www.aroomwithaview.se\/wp-content\/uploads\/2022\/08\/89ED29FF-4C40-431B-95FC-ACB30F6C4DD3-1024x605.jpeg 1024w, https:\/\/www.aroomwithaview.se\/wp-content\/uploads\/2022\/08\/89ED29FF-4C40-431B-95FC-ACB30F6C4DD3-300x177.jpeg 300w, https:\/\/www.aroomwithaview.se\/wp-content\/uploads\/2022\/08\/89ED29FF-4C40-431B-95FC-ACB30F6C4DD3-768x454.jpeg 768w, https:\/\/www.aroomwithaview.se\/wp-content\/uploads\/2022\/08\/89ED29FF-4C40-431B-95FC-ACB30F6C4DD3.jpeg 1280w\" sizes=\"auto, (max-width: 1024px) 100vw, 1024px\" \/><figcaption class=\"wp-element-caption\">Utsikt<\/figcaption><\/figure>\n<\/figure>\n\n\n\n<figure class=\"wp-block-gallery has-nested-images columns-default is-cropped wp-block-gallery-2 is-layout-flex wp-block-gallery-is-layout-flex\">\n<figure class=\"wp-block-image size-large\"><img loading=\"lazy\" decoding=\"async\" width=\"480\" height=\"640\" data-id=\"24\" src=\"https:\/\/mackan.warp9.se\/wp-content\/uploads\/2022\/08\/BC97DF90-20B5-4FC1-8CDA-770392853A25.jpeg\" alt=\" \" class=\"wp-image-24\" srcset=\"https:\/\/www.aroomwithaview.se\/wp-content\/uploads\/2022\/08\/BC97DF90-20B5-4FC1-8CDA-770392853A25.jpeg 480w, https:\/\/www.aroomwithaview.se\/wp-content\/uploads\/2022\/08\/BC97DF90-20B5-4FC1-8CDA-770392853A25-225x300.jpeg 225w\" sizes=\"auto, (max-width: 480px) 100vw, 480px\" \/><\/figure>\n\n\n\n<figure class=\"wp-block-image size-large\"><img loading=\"lazy\" decoding=\"async\" width=\"766\" height=\"1024\" data-id=\"27\" src=\"https:\/\/mackan.warp9.se\/wp-content\/uploads\/2022\/08\/190462AC-E91F-42F8-BA4F-EB5222BAD41D-766x1024.jpeg\" alt=\" \" class=\"wp-image-27\" srcset=\"https:\/\/www.aroomwithaview.se\/wp-content\/uploads\/2022\/08\/190462AC-E91F-42F8-BA4F-EB5222BAD41D-766x1024.jpeg 766w, https:\/\/www.aroomwithaview.se\/wp-content\/uploads\/2022\/08\/190462AC-E91F-42F8-BA4F-EB5222BAD41D-225x300.jpeg 225w, https:\/\/www.aroomwithaview.se\/wp-content\/uploads\/2022\/08\/190462AC-E91F-42F8-BA4F-EB5222BAD41D-768x1026.jpeg 768w, https:\/\/www.aroomwithaview.se\/wp-content\/uploads\/2022\/08\/190462AC-E91F-42F8-BA4F-EB5222BAD41D.jpeg 958w\" sizes=\"auto, (max-width: 766px) 100vw, 766px\" \/><figcaption class=\"wp-element-caption\">Utsikt \u00f6ver gamla stan<\/figcaption><\/figure>\n<\/figure>\n","protected":false},"excerpt":{"rendered":"<p>V\u00e5r ljusa och trevliga l\u00e4genhet ligger vid vattnet med hisnande utsikt \u00f6ver medelhavet och gamla stan. Den ligger p\u00e5 3:e v\u00e5ningen med hiss i en v\u00e4lsk\u00f6tt byggnad med vaktm\u00e4stare. M\u00f6jlighet till parkering finns i anslutning till fastigheten. Stor terrass och balkong med magiskt utsikt. Fullt utrustat k\u00f6k med diskmaskin. L\u00e4get \u00e4r perfekt, 50 m fr\u00e5n <a class=\"read-more\" href=\"https:\/\/www.aroomwithaview.se\/?page_id=34\">READ MORE<\/a><\/p>\n","protected":false},"author":2,"featured_media":0,"parent":0,"menu_order":0,"comment_status":"closed","ping_status":"closed","template":"","meta":{"footnotes":""},"class_list":["post-34","page","type-page","status-publish","hentry"],"_links":{"self":[{"href":"https:\/\/www.aroomwithaview.se\/index.php?rest_route=\/wp\/v2\/pages\/34","targetHints":{"allow":["GET"]}}],"collection":[{"href":"https:\/\/www.aroomwithaview.se\/index.php?rest_route=\/wp\/v2\/pages"}],"about":[{"href":"https:\/\/www.aroomwithaview.se\/index.php?rest_route=\/wp\/v2\/types\/page"}],"author":[{"embeddable":true,"href":"https:\/\/www.aroomwithaview.se\/index.php?rest_route=\/wp\/v2\/users\/2"}],"replies":[{"embeddable":true,"href":"https:\/\/www.aroomwithaview.se\/index.php?rest_route=%2Fwp%2Fv2%2Fcomments&post=34"}],"version-history":[{"count":18,"href":"https:\/\/www.aroomwithaview.se\/index.php?rest_route=\/wp\/v2\/pages\/34\/revisions"}],"predecessor-version":[{"id":463,"href":"https:\/\/www.aroomwithaview.se\/index.php?rest_route=\/wp\/v2\/pages\/34\/revisions\/463"}],"wp:attachment":[{"href":"https:\/\/www.aroomwithaview.se\/index.php?rest_route=%2Fwp%2Fv2%2Fmedia&parent=34"}],"curies":[{"name":"wp","href":"https:\/\/api.w.org\/{rel}","templated":true}]}}