{"id":47,"date":"2022-08-14T12:33:15","date_gmt":"2022-08-14T10:33:15","guid":{"rendered":"https:\/\/mackan.warp9.se\/?page_id=47"},"modified":"2025-10-14T16:50:05","modified_gmt":"2025-10-14T14:50:05","slug":"praktisk-information","status":"publish","type":"page","link":"https:\/\/www.aroomwithaview.se\/?page_id=47","title":{"rendered":"Praktisk information"},"content":{"rendered":"\n<p><\/p>\n\n\n\n<p>Vatten<\/p>\n\n\n\n<p>Ja, det g\u00e5r bra att dricka kranvattnet <\/p>\n\n\n\n<p>S\u00e4ngkl\u00e4der <\/p>\n\n\n\n<p>Lakan &amp; handdukar g\u00e5r att hyra av oss mot avgift. L\u00e4mna smutsiga lakan &amp; handdukar i en tv\u00e4tts\u00e4ck i badrummet innan avf\u00e4rd s\u00e5 ordnar vi med tv\u00e4tt. <\/p>\n\n\n\n<p>Parkering<\/p>\n\n\n\n<p>Det finns m\u00f6jlighet att parkera gratis vid stranden (\u00f6sterut) ca 200 meter bort alternativt parkera l\u00e4ngs med gatan.<\/p>\n\n\n\n<p>Sopor<\/p>\n\n\n\n<p>Soprummet finns i markplan ing\u00e5ng fr\u00e5n g\u00e5rden. Soporna sorteras i glas, plast, metall och \u00f6vrigt. T\u00f6m sopor &amp; tomglas innan avresa. <\/p>\n\n\n\n<p><\/p>\n\n\n\n<p>Bra att veta:<\/p>\n\n\n\n<p>Badlakan &amp; tv\u00e4tt h\u00e4ngs p\u00e5 torkst\u00e4llning (obs! ej p\u00e5 balkongr\u00e4cket)<\/p>\n\n\n\n<p>Klimatanl\u00e4ggning (AC) <\/p>\n\n\n\n<p>H\u00e5ll d\u00f6rrarna st\u00e4ngda under tiden som AC \u00e4r ig\u00e5ng. St\u00e4ng av n\u00e4r ni inte \u00e4r hemma. Klimatanl\u00e4ggningen styrs med fj\u00e4rrkontroll. <\/p>\n\n\n\n<p>Jalusierna \u00f6ppnas och st\u00e4ngs med antingen el eller vev. <\/p>\n\n\n\n<p>Markisen p\u00e5 terrassen styrs med en knapp som \u00e4r placerad utomhus p\u00e5 h\u00f6rnet.<\/p>\n\n\n\n<p>Utebelysning p\u00e5 terass t\u00e4nds &amp; sl\u00e4cks i det stora sovrummet bakom gardinerna.&nbsp;<\/p>\n\n\n\n<p><span style=\"text-decoration: underline;\">Ej<\/span> r\u00f6kning inomhus<\/p>\n\n\n\n<p>Ej husdjur<\/p>\n\n\n\n<p>Mitt p\u00e5 dagen (kl 12-14) ska det vara lugnt och tyst i huset f\u00f6r siesta. Residence Mona Lisa \u00e4r en lugn fastighet med \u00e5ret runt boende. Visa h\u00e4nsyn och h\u00e5ll ljudniv\u00e5n p\u00e5 en rimlig niv\u00e5. <\/p>\n\n\n\n<p><\/p>\n\n\n\n<p>Porten till huset &amp; grindarna \u00f6ppnas enbart med tagg. Vid ing\u00e5ng fr\u00e5n gatan finns porttelefon sl\u00e5 in 0042 (Malmsten) och tryck p\u00e5 ring. D\u00e5 ringer det i l\u00e4genheten och personen i l\u00e4genheten trycker d\u00e5 in knappen p\u00e5 telefonen f\u00f6r att \u00f6ppna porten. Det kr\u00e4vs nyckel eller digitalt l\u00e5s f\u00f6r att \u00f6ppna d\u00f6rren in till l\u00e4genheten.<\/p>\n\n\n\n<p>Shopping<\/p>\n\n\n\n<p>U express \u00e4r en v\u00e4lsorterad mataff\u00e4r som ligger 2 min bort i riktning mot Italien. \u00d6ppettider m\u00e5ndag-fredag 8:45-19:30 (s\u00f6ndag st\u00e4ngt) Stort k\u00f6pcentrum med mat och husger\u00e5d (Intermarche) finns i utkanten av Menton n\u00e4ra p\u00e5farten till motorv\u00e4gen (A8).<\/p>\n\n\n\n<p>Tv\u00e4ttmaskin finns i badrummet. Det g\u00e5r bra att l\u00e5na tv\u00e4ttmedel om det finns. Tv\u00e4tta inte under siestan mitt p\u00e5 dagen eller efter kl 20. <\/p>\n\n\n\n<p><\/p>\n\n\n\n<figure class=\"wp-block-image size-large\"><img loading=\"lazy\" decoding=\"async\" width=\"1024\" height=\"816\" src=\"https:\/\/www.aroomwithaview.se\/wp-content\/uploads\/2023\/03\/Monalisa-1024x816.png\" alt=\"\" class=\"wp-image-405\" srcset=\"https:\/\/www.aroomwithaview.se\/wp-content\/uploads\/2023\/03\/Monalisa-1024x816.png 1024w, https:\/\/www.aroomwithaview.se\/wp-content\/uploads\/2023\/03\/Monalisa-300x239.png 300w, https:\/\/www.aroomwithaview.se\/wp-content\/uploads\/2023\/03\/Monalisa-768x612.png 768w, https:\/\/www.aroomwithaview.se\/wp-content\/uploads\/2023\/03\/Monalisa.png 1280w\" sizes=\"auto, (max-width: 1024px) 100vw, 1024px\" \/><\/figure>\n","protected":false},"excerpt":{"rendered":"<p>Vatten Ja, det g\u00e5r bra att dricka kranvattnet S\u00e4ngkl\u00e4der Lakan &amp; handdukar g\u00e5r att hyra av oss mot avgift. L\u00e4mna smutsiga lakan &amp; handdukar i en tv\u00e4tts\u00e4ck i badrummet innan avf\u00e4rd s\u00e5 ordnar vi med tv\u00e4tt. Parkering Det finns m\u00f6jlighet att parkera gratis vid stranden (\u00f6sterut) ca 200 meter bort alternativt parkera l\u00e4ngs med gatan. <a class=\"read-more\" href=\"https:\/\/www.aroomwithaview.se\/?page_id=47\">READ MORE<\/a><\/p>\n","protected":false},"author":2,"featured_media":0,"parent":0,"menu_order":0,"comment_status":"closed","ping_status":"closed","template":"","meta":{"footnotes":""},"class_list":["post-47","page","type-page","status-publish","hentry"],"_links":{"self":[{"href":"https:\/\/www.aroomwithaview.se\/index.php?rest_route=\/wp\/v2\/pages\/47","targetHints":{"allow":["GET"]}}],"collection":[{"href":"https:\/\/www.aroomwithaview.se\/index.php?rest_route=\/wp\/v2\/pages"}],"about":[{"href":"https:\/\/www.aroomwithaview.se\/index.php?rest_route=\/wp\/v2\/types\/page"}],"author":[{"embeddable":true,"href":"https:\/\/www.aroomwithaview.se\/index.php?rest_route=\/wp\/v2\/users\/2"}],"replies":[{"embeddable":true,"href":"https:\/\/www.aroomwithaview.se\/index.php?rest_route=%2Fwp%2Fv2%2Fcomments&post=47"}],"version-history":[{"count":18,"href":"https:\/\/www.aroomwithaview.se\/index.php?rest_route=\/wp\/v2\/pages\/47\/revisions"}],"predecessor-version":[{"id":510,"href":"https:\/\/www.aroomwithaview.se\/index.php?rest_route=\/wp\/v2\/pages\/47\/revisions\/510"}],"wp:attachment":[{"href":"https:\/\/www.aroomwithaview.se\/index.php?rest_route=%2Fwp%2Fv2%2Fmedia&parent=47"}],"curies":[{"name":"wp","href":"https:\/\/api.w.org\/{rel}","templated":true}]}}