{"id":49,"date":"2022-08-14T12:34:35","date_gmt":"2022-08-14T10:34:35","guid":{"rendered":"https:\/\/mackan.warp9.se\/?page_id=49"},"modified":"2024-09-09T18:53:15","modified_gmt":"2024-09-09T16:53:15","slug":"utflykter","status":"publish","type":"page","link":"https:\/\/www.aroomwithaview.se\/?page_id=49","title":{"rendered":"Utflykter &#038; restaurangtips"},"content":{"rendered":"\n<p>Fr\u00e5n Menton \u00e4r det n\u00e4ra till b\u00e5de hav, berg och stad. Oavsett om du vill vara aktiv och cykla eller vandra i bergen eller bara njuta av god mat och trevlig st\u00e4mning i staden s\u00e5 \u00e4r Menton en bra utg\u00e5ngspunkt. H\u00e4r kommer n\u00e5gra f\u00f6rslag p\u00e5 aktiviteter i n\u00e4romr\u00e5det.<\/p>\n\n\n<div id=\"grid-gallery-2-50313\" data-gg-id=\"2\" data-title=\"Utflykter\" data-grid-type=\"0\" data-offset=\"5.3\" data-area-position=\"center\" data-icons=\"\" data-preloader=\"true\" data-width=\"215\" data-height=\"215\" data-padding=\"0\" data-quicksand=\"disabled\" data-quicksand-duration=\"1800\" data-popup-theme=\"theme_6\" data-popup-type=\"pretty-photo\" data-popup-image-text=\"data-description\" data-popup-widthsize=\"auto\" data-popup-heightsize=\"auto\" data-popup-i18n-words=\"{&quot;close&quot;:&quot;close&quot;,&quot;next&quot;:&quot;next&quot;,&quot;previous&quot;:&quot;previous&quot;,&quot;start_slideshow&quot;:&quot;start slideshow&quot;,&quot;stop_slideshow&quot;:&quot;stop slideshow&quot;,&quot;image&quot;:&quot;image&quot;,&quot;of&quot;:&quot;of&quot;,&quot;prev&quot;:&quot;prev&quot;,&quot;cExpand&quot;:&quot;Expand&quot;,&quot;cPrevious&quot;:&quot;Previous&quot;,&quot;cNext&quot;:&quot;Next&quot;,&quot;cExpandStr&quot;:&quot;Expand the image&quot;,&quot;cRotate&quot;:&quot;Rotate&quot;,&quot;cDetails&quot;:&quot;Details&quot;}\" data-popup-slideshow=\"false\" data-popup-slideshow-speed=\"2500\" data-popup-hoverstop=\"true\" data-popup-slideshow-auto=\"false\" data-popup-background=\"\" data-popup-transparency=\"30\" data-popup-disable-history=\"\" data-popup-disable-changed-url=\"\" data-popup-border-type=\"\" data-popup-border-color=\"\" data-popup-border-width=\"\" data-popup-border-enable=\"\" data-fullscreen=\"false\" data-hide-tooltip=\"false\" data-caption-font-family=\"Default\" data-caption-text-size=\"140\" data-is-mobile=\"0\" data-caption-mobile=\"false\" data-hide-long-tltp-title=\"0\" data-caption-disabled-on-mobile=\"false\" data-popup-placement-type=\"0\" data-social-sharing=\"{&quot;enabled&quot;:&quot;&quot;,&quot;gallerySharing&quot;:{&quot;enabled&quot;:null,&quot;position&quot;:null},&quot;imageSharing&quot;:{&quot;enabled&quot;:null,&quot;wrapperClass&quot;:&quot; vertical &quot;},&quot;popupSharing&quot;:{&quot;enabled&quot;:null,&quot;wrapperClass&quot;:&quot; vertical &quot;}}\" class=\"grid-gallery grid-gallery-fixed \" style=\" width:100%; height:auto; margin-left:auto; margin-right:auto;position:relative;\"> <div class=\"gallery-loading\"> <div class=\"blocks\"> <div class=\"block\"><\/div> <div class=\"block\"><\/div> <div class=\"block\"><\/div> <div class=\"block\"><\/div> <\/div> <\/div> <div class=\"gallery-sharing-top\"><\/div> <div id=\"photos-2\" class=\"grid-gallery-photos\"><FIGURE class=\"grid-gallery-caption\" data-grid-gallery-type=\"quarter-slide-up\" data-index=\"0\" style=\"display:none;border-radius:00;; margin:5.3px; width:2150;\" ><div class=\"crop\" style=\" width:2150; height:2150; overflow:hidden;\"><img decoding=\"async\" src=\"https:\/\/mackan.warp9.se\/wp-content\/uploads\/2022\/08\/Rafting-1-215x215.jpg\" class=\"ggImg\" alt=\"Rafting\" title=\"Rafting\" data-description=\"Rafting\" data-caption=\"Rafting\" data-title=\"Rafting\" style=\" width:215px; height:215px;\" \/><\/div><FIGCAPTION class=\"\" data-alpha=\"5\" style=\"color:#ffffff; background-color:#6f0000; font-size:140; text-align:2; font-family:Default;\" ><div class=\"grid-gallery-figcaption-wrap\" style=\"\"><\/div><\/FIGCAPTION><\/FIGURE><FIGURE class=\"grid-gallery-caption\" data-grid-gallery-type=\"quarter-slide-up\" data-index=\"1\" style=\"display:none;border-radius:00;; margin:5.3px; width:2150;\" ><div class=\"crop\" style=\" width:2150; height:2150; overflow:hidden;\"><img decoding=\"async\" src=\"https:\/\/mackan.warp9.se\/wp-content\/uploads\/2022\/08\/lavendel-215x215.jpg\" class=\"ggImg\" alt=\"lavendel\" title=\"lavendel\" data-description=\"lavendel\" data-caption=\"lavendel\" data-title=\"lavendel\" style=\" width:215px; height:215px;\" \/><\/div><FIGCAPTION class=\"\" data-alpha=\"5\" style=\"color:#ffffff; background-color:#6f0000; font-size:140; text-align:2; font-family:Default;\" ><div class=\"grid-gallery-figcaption-wrap\" style=\"\"><\/div><\/FIGCAPTION><\/FIGURE><FIGURE class=\"grid-gallery-caption\" data-grid-gallery-type=\"quarter-slide-up\" data-index=\"2\" style=\"display:none;border-radius:00;; margin:5.3px; width:2150;\" ><div class=\"crop\" style=\" width:2150; height:2150; overflow:hidden;\"><img decoding=\"async\" src=\"https:\/\/mackan.warp9.se\/wp-content\/uploads\/2022\/08\/monaco-215x215.jpg\" class=\"ggImg\" alt=\"monaco\" title=\"monaco\" data-description=\"monaco\" data-caption=\"monaco\" data-title=\"monaco\" style=\" width:215px; height:215px;\" \/><\/div><FIGCAPTION class=\"\" data-alpha=\"5\" style=\"color:#ffffff; background-color:#6f0000; font-size:140; text-align:2; font-family:Default;\" ><div class=\"grid-gallery-figcaption-wrap\" style=\"\"><\/div><\/FIGCAPTION><\/FIGURE><FIGURE class=\"grid-gallery-caption\" data-grid-gallery-type=\"quarter-slide-up\" data-index=\"3\" style=\"display:none;border-radius:00;; margin:5.3px; width:2150;\" ><div class=\"crop\" style=\" width:2150; height:2150; overflow:hidden;\"><img decoding=\"async\" src=\"https:\/\/mackan.warp9.se\/wp-content\/uploads\/2022\/08\/hamnen-menton-215x215.jpg\" class=\"ggImg\" alt=\"hamnen menton\" title=\"hamnen menton\" data-description=\"hamnen menton\" data-caption=\"hamnen menton\" data-title=\"hamnen menton\" style=\" width:215px; height:215px;\" \/><\/div><FIGCAPTION class=\"\" data-alpha=\"5\" style=\"color:#ffffff; background-color:#6f0000; font-size:140; text-align:2; font-family:Default;\" ><div class=\"grid-gallery-figcaption-wrap\" style=\"\"><\/div><\/FIGCAPTION><\/FIGURE> <div class=\"grid-gallery-clearfix\"><\/div> <\/div> <div class=\"gallery-sharing-bottom\"><\/div> <div class=\"grid-gallery-clearfix\"><\/div> <\/div> <!-- Gallery by Supsystic plugin1.15.21 --><a title=\"WordPress Gallery Plugin\" style=\"display:none;\" href=\"https:\/\/supsystic.com\/plugins\/photo-gallery\/?utm_medium=love_link\" target=\"_blank\">WordPress Gallery Plugin<\/a>\n\n\n\n<ul class=\"wp-block-list\">\n<li>Utflykt till Monaco <a href=\"https:\/\/www.getyourguide.se\/-l515\/?cmp=ga&amp;cq_src=google_ads&amp;cq_cmp=15508068463&amp;cq_con=130578919653&amp;cq_term=att%20g%C3%B6ra%20monaco&amp;cq_med=&amp;cq_plac=&amp;cq_net=g&amp;cq_pos=&amp;cq_plt=gp&amp;campaign_id=15508068463&amp;adgroup_id=130578919653&amp;target_id=aud-905132918343%3Akwd-1577724829352&amp;loc_physical_ms=9067820&amp;match_type=b&amp;ad_id=569299999620&amp;keyword=att%20g%C3%B6ra%20monaco&amp;ad_position=&amp;feed_item_id=&amp;placement=&amp;device=c&amp;partner_id=CD951&amp;gclid=CjwKCAjwgaeYBhBAEiwAvMgp2sLEFWcz3n-BE4JBFwdrAyYS3R8CLrQJ7ZqxFX67HKizWFpTfOJgMhoCnLUQAvD_BwE\">B\u00e4sta sev\u00e4rdheterna och saker att g\u00f6ra i Monaco 2022 \u2013 GRATIS avboking | GetYourGuide<\/a><\/li>\n\n\n\n<li>Marknaden i Ventimiglia <a href=\"https:\/\/www.reseguiden.se\/bilder\/italien\/italienska-rivieran\/ventimiglia\/marknad-i-ventimiglia-italien-59261\">Marknad i Ventimiglia Italien &#8211; Ventimiglia, Italienska rivieran, Italien &#8211; Sierra &#8211; Reseguiden<\/a><\/li>\n\n\n\n<li>Skid\u00e5kning i Limone <a href=\"https:\/\/strovtagivarlden.com\/limone-en-av-italiens-mysigaste-skidorter\/\">Skid\u00e5kning p\u00e5 italienska i Limone &#8211; Str\u00f6vt\u00e5g i V\u00e4rlden (strovtagivarlden.com)<\/a><\/li>\n\n\n\n<li>Snorkling <a href=\"http:\/\/www.palmesbeachmenton.fr\/en\/palmesbeach\/dive-spots\/\">Dive spots &#8211; Palmes Beach Menton<\/a><\/li>\n\n\n\n<li>Fiske i Menton <a href=\"https:\/\/cotedazurfrance.fr\/en\/offers\/am-fishing-menton-en-2991295\/\">AM Fishing (Menton) | C\u00f4te d\u2019Azur France \/ French Riviera (cotedazurfrance.fr)<\/a><\/li>\n\n\n\n<li>Hyra b\u00e5t <a href=\"https:\/\/www.tripadvisor.se\/Attractions-g187231-Activities-c61-t187-Menton_French_Riviera_Cote_d_Azur_Provence_Alpes_Cote_d_Azur.html\">B\u00e5tuthyrning &#8211; De b\u00e4sta i Menton &#8211; Tripadvisor<\/a><\/li>\n\n\n\n<li>Ving\u00e5rdar n\u00e4ra menton <a href=\"https:\/\/www.getyourguide.se\/-l163\/-tc104\/?cmp=ga&amp;cq_src=google_ads&amp;cq_cmp=7004077436&amp;cq_con=135296117679&amp;cq_term=ving%C3%A5rd%20franska%20rivieran&amp;cq_med=&amp;cq_plac=&amp;cq_net=g&amp;cq_pos=&amp;cq_plt=gp&amp;campaign_id=7004077436&amp;adgroup_id=135296117679&amp;target_id=kwd-627306740761&amp;loc_physical_ms=9067820&amp;match_type=b&amp;ad_id=595158002799&amp;keyword=ving%C3%A5rd%20franska%20rivieran&amp;ad_position=&amp;feed_item_id=&amp;placement=&amp;device=c&amp;partner_id=CD951&amp;gclid=CjwKCAjwgaeYBhBAEiwAvMgp2prm0hDJzSVkEJ_g0Awn7U81hkmDDv2Y3jmW6khZiK2danrd1iBq5RoCF3IQAvD_BwE\">B\u00c4STA Franska rivieran Vinprovning och ving\u00e5rdsturer 2022 &#8211; GRATIS avbokning | GetYourGuide<\/a><\/li>\n\n\n\n<li>Forsr\u00e4nning och Canyoning i Gorge de Verdon <a href=\"https:\/\/www.tripadvisor.com\/Attractions-g635586-Activities-c61-t273-La_Palud_sur_Verdon_Alpes_de_Haute_Provence_Provence_Alpes_Cote_d_Azur.html\">THE 5 BEST La Palud sur Verdon Canyoning &amp; Rappelling Tours (tripadvisor.com)<\/a><\/li>\n\n\n\n<li>Saluhallen <\/li>\n\n\n\n<li>Vandra i bergen<\/li>\n\n\n\n<li>Cykla<\/li>\n\n\n\n<li>La Grande Corniche <a href=\"https:\/\/www.tripadvisor.se\/Attraction_Review-g187216-d247520-Reviews-Grande_Corniche-French_Riviera_Cote_d_Azur_Provence_Alpes_Cote_d_Azur.html\">Grande Corniche (Cote d Azur, Frankrike) &#8211; omd\u00f6men &#8211; Tripadvisor<\/a><\/li>\n\n\n\n<li>Mirazur 3-stj\u00e4rnig restaurang <a href=\"https:\/\/www.mirazur.fr\/\">https:\/\/www.mirazur.fr<\/a><\/li>\n\n\n\n<li>Casa Fuego, K\u00f6tt restaurang med magisk utsikt. Ligger i riktning mot Italien snett ovanf\u00f6r l\u00e4genheten (lite dyrare restaurang) Samma \u00e4gare som grannrestaurangen Mirazur. www.casafuego.fr<\/li>\n\n\n\n<li>Restaurang Tony i gamla stan. Mysig restaurang med god italiensk mat. Trevlig service.<\/li>\n\n\n\n<li>Balzi Rossi lyxig privat strand med bra bad. Ligger precis p\u00e5 den italienska gr\u00e4nsen. Goda drinkar! <\/li>\n<\/ul>\n","protected":false},"excerpt":{"rendered":"<p>Fr\u00e5n Menton \u00e4r det n\u00e4ra till b\u00e5de hav, berg och stad. Oavsett om du vill vara aktiv och cykla eller vandra i bergen eller bara njuta av god mat och trevlig st\u00e4mning i staden s\u00e5 \u00e4r Menton en bra utg\u00e5ngspunkt. H\u00e4r kommer n\u00e5gra f\u00f6rslag p\u00e5 aktiviteter i n\u00e4romr\u00e5det.<\/p>\n","protected":false},"author":2,"featured_media":0,"parent":0,"menu_order":0,"comment_status":"closed","ping_status":"closed","template":"","meta":{"footnotes":""},"class_list":["post-49","page","type-page","status-publish","hentry"],"_links":{"self":[{"href":"https:\/\/www.aroomwithaview.se\/index.php?rest_route=\/wp\/v2\/pages\/49","targetHints":{"allow":["GET"]}}],"collection":[{"href":"https:\/\/www.aroomwithaview.se\/index.php?rest_route=\/wp\/v2\/pages"}],"about":[{"href":"https:\/\/www.aroomwithaview.se\/index.php?rest_route=\/wp\/v2\/types\/page"}],"author":[{"embeddable":true,"href":"https:\/\/www.aroomwithaview.se\/index.php?rest_route=\/wp\/v2\/users\/2"}],"replies":[{"embeddable":true,"href":"https:\/\/www.aroomwithaview.se\/index.php?rest_route=%2Fwp%2Fv2%2Fcomments&post=49"}],"version-history":[{"count":17,"href":"https:\/\/www.aroomwithaview.se\/index.php?rest_route=\/wp\/v2\/pages\/49\/revisions"}],"predecessor-version":[{"id":492,"href":"https:\/\/www.aroomwithaview.se\/index.php?rest_route=\/wp\/v2\/pages\/49\/revisions\/492"}],"wp:attachment":[{"href":"https:\/\/www.aroomwithaview.se\/index.php?rest_route=%2Fwp%2Fv2%2Fmedia&parent=49"}],"curies":[{"name":"wp","href":"https:\/\/api.w.org\/{rel}","templated":true}]}}